{"id":512,"date":"2021-03-03T07:01:16","date_gmt":"2021-03-03T07:01:16","guid":{"rendered":"https:\/\/bedoutcon-sentido.com\/contact\/"},"modified":"2024-06-20T15:32:05","modified_gmt":"2024-06-20T15:32:05","slug":"contacto","status":"publish","type":"page","link":"https:\/\/bedoutcon-sentido.com\/en\/contacto\/","title":{"rendered":"CONTACTO"},"content":{"rendered":"<div data-elementor-type=\"wp-page\" data-elementor-id=\"512\" class=\"elementor elementor-512\">\n\t\t\t\t\t\t<section class=\"elementor-section elementor-top-section elementor-element elementor-element-541c585 elementor-section-boxed elementor-section-height-default elementor-section-height-default\" data-id=\"541c585\" data-element_type=\"section\" data-settings=\"{&quot;background_background&quot;:&quot;classic&quot;}\">\n\t\t\t\t\t\t<div class=\"elementor-container elementor-column-gap-no\">\n\t\t\t\t\t<div class=\"elementor-column elementor-col-100 elementor-top-column elementor-element elementor-element-523fa9a\" data-id=\"523fa9a\" data-element_type=\"column\">\n\t\t\t<div class=\"elementor-widget-wrap elementor-element-populated\">\n\t\t\t\t\t\t<div class=\"elementor-element elementor-element-be8d1c9 elementor-widget elementor-widget-spacer\" data-id=\"be8d1c9\" data-element_type=\"widget\" data-widget_type=\"spacer.default\">\n\t\t\t\t<div class=\"elementor-widget-container\">\n\t\t\t\t\t\t\t<div class=\"elementor-spacer\">\n\t\t\t<div class=\"elementor-spacer-inner\"><\/div>\n\t\t<\/div>\n\t\t\t\t\t\t<\/div>\n\t\t\t\t<\/div>\n\t\t\t\t<div class=\"elementor-element elementor-element-c54aa98 elementor-widget elementor-widget-heading\" data-id=\"c54aa98\" data-element_type=\"widget\" data-widget_type=\"heading.default\">\n\t\t\t\t<div class=\"elementor-widget-container\">\n\t\t\t\t\t<h2 class=\"elementor-heading-title elementor-size-default\">Contact<\/h2>\t\t\t\t<\/div>\n\t\t\t\t<\/div>\n\t\t\t\t<section class=\"elementor-section elementor-inner-section elementor-element elementor-element-b5257c6 elementor-section-boxed elementor-section-height-default elementor-section-height-default\" data-id=\"b5257c6\" data-element_type=\"section\">\n\t\t\t\t\t\t<div class=\"elementor-container elementor-column-gap-no\">\n\t\t\t\t\t<section class=\"elementor-column elementor-col-50 elementor-inner-column elementor-element elementor-element-ec9300c\" data-id=\"ec9300c\" data-element_type=\"column\">\n\t\t\t<div class=\"elementor-widget-wrap elementor-element-populated\">\n\t\t\t\t\t\t<div class=\"elementor-element elementor-element-dcfb839 elementor-widget elementor-widget-spacer\" data-id=\"dcfb839\" data-element_type=\"widget\" data-widget_type=\"spacer.default\">\n\t\t\t\t<div class=\"elementor-widget-container\">\n\t\t\t\t\t\t\t<div class=\"elementor-spacer\">\n\t\t\t<div class=\"elementor-spacer-inner\"><\/div>\n\t\t<\/div>\n\t\t\t\t\t\t<\/div>\n\t\t\t\t<\/div>\n\t\t\t\t<div class=\"elementor-element elementor-element-2087a00 elementor-position-left elementor-view-default elementor-mobile-position-top elementor-vertical-align-top elementor-widget elementor-widget-icon-box\" data-id=\"2087a00\" data-element_type=\"widget\" data-widget_type=\"icon-box.default\">\n\t\t\t\t<div class=\"elementor-widget-container\">\n\t\t\t\t\t\t\t<div class=\"elementor-icon-box-wrapper\">\n\n\t\t\t\t\t\t<div class=\"elementor-icon-box-icon\">\n\t\t\t\t<a href=\"mailto:contactame@bedoutcon-sentido.com\" class=\"elementor-icon\" tabindex=\"-1\" aria-label=\"Email\">\n\t\t\t\t<i aria-hidden=\"true\" class=\"fas fa-envelope\"><\/i>\t\t\t\t<\/a>\n\t\t\t<\/div>\n\t\t\t\n\t\t\t\t\t\t<div class=\"elementor-icon-box-content\">\n\n\t\t\t\t\t\t\t\t\t<h5 class=\"elementor-icon-box-title\">\n\t\t\t\t\t\t<a href=\"mailto:contactame@bedoutcon-sentido.com\" >\n\t\t\t\t\t\t\tEmail\t\t\t\t\t\t<\/a>\n\t\t\t\t\t<\/h5>\n\t\t\t\t\n\t\t\t\t\t\t\t\t\t<p class=\"elementor-icon-box-description\">\n\t\t\t\t\t\tcontactame@bedoutcon-sentido.com\n\t\t\t\t\t<\/p>\n\t\t\t\t\n\t\t\t<\/div>\n\t\t\t\n\t\t<\/div>\n\t\t\t\t\t\t<\/div>\n\t\t\t\t<\/div>\n\t\t\t\t<div class=\"elementor-element elementor-element-ab755f9 elementor-position-left elementor-view-default elementor-mobile-position-top elementor-vertical-align-top elementor-widget elementor-widget-icon-box\" data-id=\"ab755f9\" data-element_type=\"widget\" data-widget_type=\"icon-box.default\">\n\t\t\t\t<div class=\"elementor-widget-container\">\n\t\t\t\t\t\t\t<div class=\"elementor-icon-box-wrapper\">\n\n\t\t\t\t\t\t<div class=\"elementor-icon-box-icon\">\n\t\t\t\t<a href=\"http:\/\/wa.link\/o2fz2b\" class=\"elementor-icon\" tabindex=\"-1\" aria-label=\"WhatsApp\">\n\t\t\t\t<i aria-hidden=\"true\" class=\"fab fa-whatsapp\"><\/i>\t\t\t\t<\/a>\n\t\t\t<\/div>\n\t\t\t\n\t\t\t\t\t\t<div class=\"elementor-icon-box-content\">\n\n\t\t\t\t\t\t\t\t\t<h5 class=\"elementor-icon-box-title\">\n\t\t\t\t\t\t<a href=\"http:\/\/wa.link\/o2fz2b\" >\n\t\t\t\t\t\t\tWhatsApp\t\t\t\t\t\t<\/a>\n\t\t\t\t\t<\/h5>\n\t\t\t\t\n\t\t\t\t\t\t\t\t\t<p class=\"elementor-icon-box-description\">\n\t\t\t\t\t\t+57 300 6144340\t\t\t\t\t<\/p>\n\t\t\t\t\n\t\t\t<\/div>\n\t\t\t\n\t\t<\/div>\n\t\t\t\t\t\t<\/div>\n\t\t\t\t<\/div>\n\t\t\t\t<div class=\"elementor-element elementor-element-91ad4f2 elementor-position-left elementor-view-default elementor-mobile-position-top elementor-vertical-align-top elementor-widget elementor-widget-icon-box\" data-id=\"91ad4f2\" data-element_type=\"widget\" data-widget_type=\"icon-box.default\">\n\t\t\t\t<div class=\"elementor-widget-container\">\n\t\t\t\t\t\t\t<div class=\"elementor-icon-box-wrapper\">\n\n\t\t\t\t\t\t<div class=\"elementor-icon-box-icon\">\n\t\t\t\t<a href=\"https:\/\/www.instagram.com\/sandradebedout\/\" class=\"elementor-icon\" tabindex=\"-1\" aria-label=\"Instagram\">\n\t\t\t\t<i aria-hidden=\"true\" class=\"fab fa-instagram\"><\/i>\t\t\t\t<\/a>\n\t\t\t<\/div>\n\t\t\t\n\t\t\t\t\t\t<div class=\"elementor-icon-box-content\">\n\n\t\t\t\t\t\t\t\t\t<h5 class=\"elementor-icon-box-title\">\n\t\t\t\t\t\t<a href=\"https:\/\/www.instagram.com\/sandradebedout\/\" >\n\t\t\t\t\t\t\tInstagram\t\t\t\t\t\t<\/a>\n\t\t\t\t\t<\/h5>\n\t\t\t\t\n\t\t\t\t\t\t\t\t\t<p class=\"elementor-icon-box-description\">\n\t\t\t\t\t\t@sandradebedout\t\t\t\t\t<\/p>\n\t\t\t\t\n\t\t\t<\/div>\n\t\t\t\n\t\t<\/div>\n\t\t\t\t\t\t<\/div>\n\t\t\t\t<\/div>\n\t\t\t\t<div class=\"elementor-element elementor-element-21c2640 elementor-position-left elementor-view-default elementor-mobile-position-top elementor-vertical-align-top elementor-widget elementor-widget-icon-box\" data-id=\"21c2640\" data-element_type=\"widget\" data-widget_type=\"icon-box.default\">\n\t\t\t\t<div class=\"elementor-widget-container\">\n\t\t\t\t\t\t\t<div class=\"elementor-icon-box-wrapper\">\n\n\t\t\t\t\t\t<div class=\"elementor-icon-box-icon\">\n\t\t\t\t<a href=\"https:\/\/www.instagram.com\/bedoutcon_sentido\/\" class=\"elementor-icon\" tabindex=\"-1\" aria-label=\"Instagram\">\n\t\t\t\t<i aria-hidden=\"true\" class=\"fab fa-instagram\"><\/i>\t\t\t\t<\/a>\n\t\t\t<\/div>\n\t\t\t\n\t\t\t\t\t\t<div class=\"elementor-icon-box-content\">\n\n\t\t\t\t\t\t\t\t\t<h5 class=\"elementor-icon-box-title\">\n\t\t\t\t\t\t<a href=\"https:\/\/www.instagram.com\/bedoutcon_sentido\/\" >\n\t\t\t\t\t\t\tInstagram\t\t\t\t\t\t<\/a>\n\t\t\t\t\t<\/h5>\n\t\t\t\t\n\t\t\t\t\t\t\t\t\t<p class=\"elementor-icon-box-description\">\n\t\t\t\t\t\t@bedoutcon-sentido\t\t\t\t\t<\/p>\n\t\t\t\t\n\t\t\t<\/div>\n\t\t\t\n\t\t<\/div>\n\t\t\t\t\t\t<\/div>\n\t\t\t\t<\/div>\n\t\t\t\t<div class=\"elementor-element elementor-element-94d1337 elementor-vertical-align-top elementor-widget elementor-widget-icon-box\" data-id=\"94d1337\" data-element_type=\"widget\" data-widget_type=\"icon-box.default\">\n\t\t\t\t<div class=\"elementor-widget-container\">\n\t\t\t\t\t\t\t<div class=\"elementor-icon-box-wrapper\">\n\n\t\t\t\n\t\t\t\t\t\t<div class=\"elementor-icon-box-content\">\n\n\t\t\t\t\n\t\t\t\t\t\t\t\t\t<p class=\"elementor-icon-box-description\">\n\t\t\t\t\t\tIf you want to have photographs by author Sandra De Bedout, contact me via WhatsApp.\t\t\t\t\t<\/p>\n\t\t\t\t\n\t\t\t<\/div>\n\t\t\t\n\t\t<\/div>\n\t\t\t\t\t\t<\/div>\n\t\t\t\t<\/div>\n\t\t\t\t\t<\/div>\n\t\t<\/section>\n\t\t\t\t<div class=\"elementor-column elementor-col-50 elementor-inner-column elementor-element elementor-element-e2ab697\" data-id=\"e2ab697\" data-element_type=\"column\">\n\t\t\t<div class=\"elementor-widget-wrap elementor-element-populated\">\n\t\t\t\t\t\t<div class=\"elementor-element elementor-element-e6dc946 elementor-widget elementor-widget-image-box\" data-id=\"e6dc946\" data-element_type=\"widget\" data-widget_type=\"image-box.default\">\n\t\t\t\t<div class=\"elementor-widget-container\">\n\t\t\t\t\t<div class=\"elementor-image-box-wrapper\"><div class=\"elementor-image-box-content\"><h4 class=\"elementor-image-box-title\">Contact form<\/h4><\/div><\/div>\t\t\t\t<\/div>\n\t\t\t\t<\/div>\n\t\t\t\t<div class=\"elementor-element elementor-element-ea2d2bc elementor-widget elementor-widget-wpforms\" data-id=\"ea2d2bc\" data-element_type=\"widget\" data-widget_type=\"wpforms.default\">\n\t\t\t\t<div class=\"elementor-widget-container\">\n\t\t\t\t\t<div class=\"wpforms-container\" id=\"wpforms-20\"><form id=\"wpforms-form-20\" class=\"wpforms-validate wpforms-form\" data-formid=\"20\" method=\"post\" enctype=\"multipart\/form-data\" action=\"\/en\/wp-json\/wp\/v2\/pages\/512\" data-token=\"842279a7a049757eef6667c533e0edfe\" data-token-time=\"1778504600\" data-trp-original-action=\"\/en\/wp-json\/wp\/v2\/pages\/512\"><noscript class=\"wpforms-error-noscript\">Please enable JavaScript in your browser to complete this form.<\/noscript><div class=\"wpforms-field-container\"><div id=\"wpforms-20-field_0-container\" class=\"wpforms-field wpforms-field-name\" data-field-id=\"0\"><label class=\"wpforms-field-label wpforms-label-hide\" for=\"wpforms-20-field_0\">Nombre <span class=\"wpforms-required-label\">*<\/span><\/label><div class=\"wpforms-field-row wpforms-field-large\"><div class=\"wpforms-field-row-block wpforms-first wpforms-one-half\"><input type=\"text\" id=\"wpforms-20-field_0\" class=\"wpforms-field-name-first wpforms-field-required\" name=\"wpforms[fields][0][first]\" placeholder=\"Name\" required><label for=\"wpforms-20-field_0\" class=\"wpforms-field-sublabel after wpforms-sublabel-hide\">First<\/label><\/div><div class=\"wpforms-field-row-block wpforms-one-half\"><input type=\"text\" id=\"wpforms-20-field_0-last\" class=\"wpforms-field-name-last wpforms-field-required\" name=\"wpforms[fields][0][last]\" placeholder=\"Last name\" required><label for=\"wpforms-20-field_0-last\" class=\"wpforms-field-sublabel after wpforms-sublabel-hide\">Last<\/label><\/div><\/div><\/div><div id=\"wpforms-20-field_1-container\" class=\"wpforms-field wpforms-field-email\" data-field-id=\"1\"><label class=\"wpforms-field-label wpforms-label-hide\" for=\"wpforms-20-field_1\">Email <span class=\"wpforms-required-label\">*<\/span><\/label><input type=\"email\" id=\"wpforms-20-field_1\" class=\"wpforms-field-large wpforms-field-required\" name=\"wpforms[fields][1]\" placeholder=\"Mail address \" spellcheck=\"false\" required><\/div><div id=\"wpforms-20-field_3-container\" class=\"wpforms-field wpforms-field-text\" data-field-id=\"3\"><label class=\"wpforms-field-label wpforms-label-hide\" for=\"wpforms-20-field_3\">Subject <span class=\"wpforms-required-label\">*<\/span><\/label><input type=\"text\" id=\"wpforms-20-field_3\" class=\"wpforms-field-large wpforms-field-required\" name=\"wpforms[fields][3]\" placeholder=\"Subject\" required><\/div><div id=\"wpforms-20-field_2-container\" class=\"wpforms-field wpforms-field-textarea\" data-field-id=\"2\"><label class=\"wpforms-field-label wpforms-label-hide\" for=\"wpforms-20-field_2\">Mensaje <span class=\"wpforms-required-label\">*<\/span><\/label><textarea id=\"wpforms-20-field_2\" class=\"wpforms-field-medium wpforms-field-required\" name=\"wpforms[fields][2]\" placeholder=\"Your message\" required><\/textarea><\/div><\/div><!-- .wpforms-field-container --><div class=\"wpforms-submit-container\" ><input type=\"hidden\" name=\"wpforms[id]\" value=\"20\"><input type=\"hidden\" name=\"page_title\" value=\"\"><input type=\"hidden\" name=\"page_url\" value=\"https:\/\/bedoutcon-sentido.com\/en\/wp-json\/wp\/v2\/pages\/512\"><button type=\"submit\" name=\"wpforms[submit]\" id=\"wpforms-submit-20\" class=\"wpforms-submit\" data-alt-text=\"Enviando\" data-submit-text=\"Enviar\" aria-live=\"assertive\" value=\"wpforms-submit\">Send<\/button><\/div><input type=\"hidden\" name=\"trp-form-language\" value=\"en\"\/><\/form><\/div>  <!-- .wpforms-container -->\t\t\t\t<\/div>\n\t\t\t\t<\/div>\n\t\t\t\t\t<\/div>\n\t\t<\/div>\n\t\t\t\t\t<\/div>\n\t\t<\/section>\n\t\t\t\t\t<\/div>\n\t\t<\/div>\n\t\t\t\t\t<\/div>\n\t\t<\/section>\n\t\t\t\t<\/div>","protected":false},"excerpt":{"rendered":"<p>Contacto Correo contactame@bedoutcon-sentido.com WhatsApp +57 300 6144340 Instagram @sandradebedout Instagram @bedoutcon-sentido Si quieres tener fotograf\u00edas de autor Sandra De Bedout, comun\u00edcate conmigo mediante\u00a0WhatsApp. Formulario de contacto Por favor, activa JavaScript en tu navegador para completar este formulario.Nombre *NombreApellidosCorreo *Asunto *Mensaje * Enviar<\/p>","protected":false},"author":1,"featured_media":725,"parent":0,"menu_order":0,"comment_status":"closed","ping_status":"closed","template":"","meta":{"site-sidebar-layout":"no-sidebar","site-content-layout":"page-builder","ast-site-content-layout":"","site-content-style":"default","site-sidebar-style":"default","ast-global-header-display":"","ast-banner-title-visibility":"","ast-main-header-display":"","ast-hfb-above-header-display":"","ast-hfb-below-header-display":"","ast-hfb-mobile-header-display":"","site-post-title":"disabled","ast-breadcrumbs-content":"disabled","ast-featured-img":"disabled","footer-sml-layout":"","theme-transparent-header-meta":"enabled","adv-header-id-meta":"","stick-header-meta":"","header-above-stick-meta":"","header-main-stick-meta":"","header-below-stick-meta":"","astra-migrate-meta-layouts":"default","ast-page-background-enabled":"default","ast-page-background-meta":{"desktop":{"background-color":"","background-image":"","background-repeat":"repeat","background-position":"center center","background-size":"auto","background-attachment":"scroll","background-type":"","background-media":"","overlay-type":"","overlay-color":"","overlay-opacity":"","overlay-gradient":""},"tablet":{"background-color":"","background-image":"","background-repeat":"repeat","background-position":"center center","background-size":"auto","background-attachment":"scroll","background-type":"","background-media":"","overlay-type":"","overlay-color":"","overlay-opacity":"","overlay-gradient":""},"mobile":{"background-color":"","background-image":"","background-repeat":"repeat","background-position":"center center","background-size":"auto","background-attachment":"scroll","background-type":"","background-media":"","overlay-type":"","overlay-color":"","overlay-opacity":"","overlay-gradient":""}},"ast-content-background-meta":{"desktop":{"background-color":"var(--ast-global-color-5)","background-image":"","background-repeat":"repeat","background-position":"center center","background-size":"auto","background-attachment":"scroll","background-type":"","background-media":"","overlay-type":"","overlay-color":"","overlay-opacity":"","overlay-gradient":""},"tablet":{"background-color":"var(--ast-global-color-5)","background-image":"","background-repeat":"repeat","background-position":"center center","background-size":"auto","background-attachment":"scroll","background-type":"","background-media":"","overlay-type":"","overlay-color":"","overlay-opacity":"","overlay-gradient":""},"mobile":{"background-color":"var(--ast-global-color-5)","background-image":"","background-repeat":"repeat","background-position":"center center","background-size":"auto","background-attachment":"scroll","background-type":"","background-media":"","overlay-type":"","overlay-color":"","overlay-opacity":"","overlay-gradient":""}},"footnotes":""},"class_list":["post-512","page","type-page","status-publish","has-post-thumbnail","hentry"],"yoast_head":"<!-- This site is optimized with the Yoast SEO plugin v24.4 - https:\/\/yoast.com\/wordpress\/plugins\/seo\/ -->\n<title>CONTACTO - Bedoutcon-sentido<\/title>\n<meta name=\"description\" content=\"Comun\u00edcate conmigo mediante WHATSAPP, Te ayudo a qu\u00e9 mis fotograf\u00edas llenen de\u00a0arte\u00a0tu\u00a0vida. Asesoria gratuita\" \/>\n<meta name=\"robots\" content=\"index, follow, max-snippet:-1, max-image-preview:large, max-video-preview:-1\" \/>\n<link rel=\"canonical\" href=\"https:\/\/bedoutcon-sentido.com\/en\/contacto\/\" \/>\n<meta property=\"og:locale\" content=\"en_US\" \/>\n<meta property=\"og:type\" content=\"article\" \/>\n<meta property=\"og:title\" content=\"CONTACTO - Bedoutcon-sentido\" \/>\n<meta property=\"og:description\" content=\"Comun\u00edcate conmigo mediante WHATSAPP, Te ayudo a qu\u00e9 mis fotograf\u00edas llenen de\u00a0arte\u00a0tu\u00a0vida. Asesoria gratuita\" \/>\n<meta property=\"og:url\" content=\"https:\/\/bedoutcon-sentido.com\/en\/contacto\/\" \/>\n<meta property=\"og:site_name\" content=\"Bedoutcon-sentido\" \/>\n<meta property=\"article:modified_time\" content=\"2024-06-20T15:32:05+00:00\" \/>\n<meta property=\"og:image\" content=\"https:\/\/bedoutcon-sentido.com\/wp-content\/uploads\/2023\/05\/Recurso-1@2x-1.png\" \/>\n\t<meta property=\"og:image:width\" content=\"2139\" \/>\n\t<meta property=\"og:image:height\" content=\"839\" \/>\n\t<meta property=\"og:image:type\" content=\"image\/png\" \/>\n<meta name=\"twitter:card\" content=\"summary_large_image\" \/>\n<meta name=\"twitter:label1\" content=\"Est. reading time\" \/>\n\t<meta name=\"twitter:data1\" content=\"1 minute\" \/>\n<script type=\"application\/ld+json\" class=\"yoast-schema-graph\">{\"@context\":\"https:\/\/schema.org\",\"@graph\":[{\"@type\":\"WebPage\",\"@id\":\"https:\/\/bedoutcon-sentido.com\/contacto\/\",\"url\":\"https:\/\/bedoutcon-sentido.com\/contacto\/\",\"name\":\"CONTACTO - Bedoutcon-sentido\",\"isPartOf\":{\"@id\":\"https:\/\/bedoutcon-sentido.com\/#website\"},\"primaryImageOfPage\":{\"@id\":\"https:\/\/bedoutcon-sentido.com\/contacto\/#primaryimage\"},\"image\":{\"@id\":\"https:\/\/bedoutcon-sentido.com\/contacto\/#primaryimage\"},\"thumbnailUrl\":\"https:\/\/i0.wp.com\/bedoutcon-sentido.com\/wp-content\/uploads\/2023\/05\/Recurso-1%402x-1.png?fit=2139%2C839&ssl=1\",\"datePublished\":\"2021-03-03T07:01:16+00:00\",\"dateModified\":\"2024-06-20T15:32:05+00:00\",\"description\":\"Comun\u00edcate conmigo mediante WHATSAPP, Te ayudo a qu\u00e9 mis fotograf\u00edas llenen de\u00a0arte\u00a0tu\u00a0vida. Asesoria gratuita\",\"breadcrumb\":{\"@id\":\"https:\/\/bedoutcon-sentido.com\/contacto\/#breadcrumb\"},\"inLanguage\":\"en-US\",\"potentialAction\":[{\"@type\":\"ReadAction\",\"target\":[\"https:\/\/bedoutcon-sentido.com\/contacto\/\"]}]},{\"@type\":\"ImageObject\",\"inLanguage\":\"en-US\",\"@id\":\"https:\/\/bedoutcon-sentido.com\/contacto\/#primaryimage\",\"url\":\"https:\/\/i0.wp.com\/bedoutcon-sentido.com\/wp-content\/uploads\/2023\/05\/Recurso-1%402x-1.png?fit=2139%2C839&ssl=1\",\"contentUrl\":\"https:\/\/i0.wp.com\/bedoutcon-sentido.com\/wp-content\/uploads\/2023\/05\/Recurso-1%402x-1.png?fit=2139%2C839&ssl=1\",\"width\":2139,\"height\":839},{\"@type\":\"BreadcrumbList\",\"@id\":\"https:\/\/bedoutcon-sentido.com\/contacto\/#breadcrumb\",\"itemListElement\":[{\"@type\":\"ListItem\",\"position\":1,\"name\":\"Portada\",\"item\":\"https:\/\/bedoutcon-sentido.com\/\"},{\"@type\":\"ListItem\",\"position\":2,\"name\":\"CONTACTO\"}]},{\"@type\":\"WebSite\",\"@id\":\"https:\/\/bedoutcon-sentido.com\/#website\",\"url\":\"https:\/\/bedoutcon-sentido.com\/\",\"name\":\"Bedoutcon-sentido\",\"description\":\"Fotograf\u00eda\",\"publisher\":{\"@id\":\"https:\/\/bedoutcon-sentido.com\/#\/schema\/person\/1dd2601ee792c7236a692d636e731fdf\"},\"potentialAction\":[{\"@type\":\"SearchAction\",\"target\":{\"@type\":\"EntryPoint\",\"urlTemplate\":\"https:\/\/bedoutcon-sentido.com\/?s={search_term_string}\"},\"query-input\":{\"@type\":\"PropertyValueSpecification\",\"valueRequired\":true,\"valueName\":\"search_term_string\"}}],\"inLanguage\":\"en-US\"},{\"@type\":[\"Person\",\"Organization\"],\"@id\":\"https:\/\/bedoutcon-sentido.com\/#\/schema\/person\/1dd2601ee792c7236a692d636e731fdf\",\"name\":\"Sandra De Bedout\",\"image\":{\"@type\":\"ImageObject\",\"inLanguage\":\"en-US\",\"@id\":\"https:\/\/bedoutcon-sentido.com\/#\/schema\/person\/image\/\",\"url\":\"https:\/\/i0.wp.com\/bedoutcon-sentido.com\/wp-content\/uploads\/2023\/05\/Recurso-1%402x-1.png?fit=2139%2C839&ssl=1\",\"contentUrl\":\"https:\/\/i0.wp.com\/bedoutcon-sentido.com\/wp-content\/uploads\/2023\/05\/Recurso-1%402x-1.png?fit=2139%2C839&ssl=1\",\"width\":2139,\"height\":839,\"caption\":\"Sandra De Bedout\"},\"logo\":{\"@id\":\"https:\/\/bedoutcon-sentido.com\/#\/schema\/person\/image\/\"},\"sameAs\":[\"https:\/\/bedoutcon-sentido.com\",\"https:\/\/www.instagram.com\/sandradebedout\/\"]}]}<\/script>\n<!-- \/ Yoast SEO plugin. -->","yoast_head_json":{"title":"CONTACTO - Bedoutcon-sentido","description":"Comun\u00edcate conmigo mediante WHATSAPP, Te ayudo a qu\u00e9 mis fotograf\u00edas llenen de\u00a0arte\u00a0tu\u00a0vida. Asesoria gratuita","robots":{"index":"index","follow":"follow","max-snippet":"max-snippet:-1","max-image-preview":"max-image-preview:large","max-video-preview":"max-video-preview:-1"},"canonical":"https:\/\/bedoutcon-sentido.com\/en\/contacto\/","og_locale":"en_US","og_type":"article","og_title":"CONTACTO - Bedoutcon-sentido","og_description":"Comun\u00edcate conmigo mediante WHATSAPP, Te ayudo a qu\u00e9 mis fotograf\u00edas llenen de\u00a0arte\u00a0tu\u00a0vida. Asesoria gratuita","og_url":"https:\/\/bedoutcon-sentido.com\/en\/contacto\/","og_site_name":"Bedoutcon-sentido","article_modified_time":"2024-06-20T15:32:05+00:00","og_image":[{"width":2139,"height":839,"url":"https:\/\/bedoutcon-sentido.com\/wp-content\/uploads\/2023\/05\/Recurso-1@2x-1.png","type":"image\/png"}],"twitter_card":"summary_large_image","twitter_misc":{"Est. reading time":"1 minute"},"schema":{"@context":"https:\/\/schema.org","@graph":[{"@type":"WebPage","@id":"https:\/\/bedoutcon-sentido.com\/contacto\/","url":"https:\/\/bedoutcon-sentido.com\/contacto\/","name":"CONTACTO - Bedoutcon-sentido","isPartOf":{"@id":"https:\/\/bedoutcon-sentido.com\/#website"},"primaryImageOfPage":{"@id":"https:\/\/bedoutcon-sentido.com\/contacto\/#primaryimage"},"image":{"@id":"https:\/\/bedoutcon-sentido.com\/contacto\/#primaryimage"},"thumbnailUrl":"https:\/\/i0.wp.com\/bedoutcon-sentido.com\/wp-content\/uploads\/2023\/05\/Recurso-1%402x-1.png?fit=2139%2C839&ssl=1","datePublished":"2021-03-03T07:01:16+00:00","dateModified":"2024-06-20T15:32:05+00:00","description":"Comun\u00edcate conmigo mediante WHATSAPP, Te ayudo a qu\u00e9 mis fotograf\u00edas llenen de\u00a0arte\u00a0tu\u00a0vida. Asesoria gratuita","breadcrumb":{"@id":"https:\/\/bedoutcon-sentido.com\/contacto\/#breadcrumb"},"inLanguage":"en-US","potentialAction":[{"@type":"ReadAction","target":["https:\/\/bedoutcon-sentido.com\/contacto\/"]}]},{"@type":"ImageObject","inLanguage":"en-US","@id":"https:\/\/bedoutcon-sentido.com\/contacto\/#primaryimage","url":"https:\/\/i0.wp.com\/bedoutcon-sentido.com\/wp-content\/uploads\/2023\/05\/Recurso-1%402x-1.png?fit=2139%2C839&ssl=1","contentUrl":"https:\/\/i0.wp.com\/bedoutcon-sentido.com\/wp-content\/uploads\/2023\/05\/Recurso-1%402x-1.png?fit=2139%2C839&ssl=1","width":2139,"height":839},{"@type":"BreadcrumbList","@id":"https:\/\/bedoutcon-sentido.com\/contacto\/#breadcrumb","itemListElement":[{"@type":"ListItem","position":1,"name":"Portada","item":"https:\/\/bedoutcon-sentido.com\/"},{"@type":"ListItem","position":2,"name":"CONTACTO"}]},{"@type":"WebSite","@id":"https:\/\/bedoutcon-sentido.com\/#website","url":"https:\/\/bedoutcon-sentido.com\/","name":"Bedoutcon-sentido","description":"Fotograf\u00eda","publisher":{"@id":"https:\/\/bedoutcon-sentido.com\/#\/schema\/person\/1dd2601ee792c7236a692d636e731fdf"},"potentialAction":[{"@type":"SearchAction","target":{"@type":"EntryPoint","urlTemplate":"https:\/\/bedoutcon-sentido.com\/?s={search_term_string}"},"query-input":{"@type":"PropertyValueSpecification","valueRequired":true,"valueName":"search_term_string"}}],"inLanguage":"en-US"},{"@type":["Person","Organization"],"@id":"https:\/\/bedoutcon-sentido.com\/#\/schema\/person\/1dd2601ee792c7236a692d636e731fdf","name":"Sandra De Bedout","image":{"@type":"ImageObject","inLanguage":"en-US","@id":"https:\/\/bedoutcon-sentido.com\/#\/schema\/person\/image\/","url":"https:\/\/i0.wp.com\/bedoutcon-sentido.com\/wp-content\/uploads\/2023\/05\/Recurso-1%402x-1.png?fit=2139%2C839&ssl=1","contentUrl":"https:\/\/i0.wp.com\/bedoutcon-sentido.com\/wp-content\/uploads\/2023\/05\/Recurso-1%402x-1.png?fit=2139%2C839&ssl=1","width":2139,"height":839,"caption":"Sandra De Bedout"},"logo":{"@id":"https:\/\/bedoutcon-sentido.com\/#\/schema\/person\/image\/"},"sameAs":["https:\/\/bedoutcon-sentido.com","https:\/\/www.instagram.com\/sandradebedout\/"]}]}},"_links":{"self":[{"href":"https:\/\/bedoutcon-sentido.com\/en\/wp-json\/wp\/v2\/pages\/512","targetHints":{"allow":["GET"]}}],"collection":[{"href":"https:\/\/bedoutcon-sentido.com\/en\/wp-json\/wp\/v2\/pages"}],"about":[{"href":"https:\/\/bedoutcon-sentido.com\/en\/wp-json\/wp\/v2\/types\/page"}],"author":[{"embeddable":true,"href":"https:\/\/bedoutcon-sentido.com\/en\/wp-json\/wp\/v2\/users\/1"}],"replies":[{"embeddable":true,"href":"https:\/\/bedoutcon-sentido.com\/en\/wp-json\/wp\/v2\/comments?post=512"}],"version-history":[{"count":81,"href":"https:\/\/bedoutcon-sentido.com\/en\/wp-json\/wp\/v2\/pages\/512\/revisions"}],"predecessor-version":[{"id":2012,"href":"https:\/\/bedoutcon-sentido.com\/en\/wp-json\/wp\/v2\/pages\/512\/revisions\/2012"}],"wp:featuredmedia":[{"embeddable":true,"href":"https:\/\/bedoutcon-sentido.com\/en\/wp-json\/wp\/v2\/media\/725"}],"wp:attachment":[{"href":"https:\/\/bedoutcon-sentido.com\/en\/wp-json\/wp\/v2\/media?parent=512"}],"curies":[{"name":"wp","href":"https:\/\/api.w.org\/{rel}","templated":true}]}}